{"id":637,"date":"2021-06-12T06:25:18","date_gmt":"2021-06-12T06:25:18","guid":{"rendered":"https:\/\/ladeckaspoldzielnia.pl\/?page_id=637"},"modified":"2025-11-25T19:40:20","modified_gmt":"2025-11-25T19:40:20","slug":"about","status":"publish","type":"page","link":"https:\/\/ladeckaspoldzielnia.pl\/?page_id=637","title":{"rendered":"Dokumenty"},"content":{"rendered":"\t\t<div data-elementor-type=\"wp-page\" data-elementor-id=\"637\" class=\"elementor elementor-637\">\n\t\t\t\t\t\t<section class=\"elementor-section elementor-top-section elementor-element elementor-element-2e7999a elementor-section-boxed elementor-section-height-default elementor-section-height-default\" data-id=\"2e7999a\" data-element_type=\"section\" data-settings=\"{&quot;background_background&quot;:&quot;classic&quot;}\">\n\t\t\t\t\t\t\t<div class=\"elementor-background-overlay\"><\/div>\n\t\t\t\t\t\t\t<div class=\"elementor-container elementor-column-gap-no\">\n\t\t\t\t\t<div class=\"elementor-column elementor-col-100 elementor-top-column elementor-element elementor-element-1c4544c\" data-id=\"1c4544c\" data-element_type=\"column\">\n\t\t\t<div class=\"elementor-widget-wrap elementor-element-populated\">\n\t\t\t\t\t\t<div class=\"elementor-element elementor-element-14d7be3 animated-slow elementor-invisible elementor-widget elementor-widget-heading\" data-id=\"14d7be3\" data-element_type=\"widget\" data-settings=\"{&quot;_animation&quot;:&quot;fadeIn&quot;}\" data-widget_type=\"heading.default\">\n\t\t\t\t<div class=\"elementor-widget-container\">\n\t\t\t<h1 class=\"elementor-heading-title elementor-size-default\">Dokumenty<\/h1>\t\t<\/div>\n\t\t\t\t<\/div>\n\t\t\t\t\t<\/div>\n\t\t<\/div>\n\t\t\t\t\t<\/div>\n\t\t<\/section>\n\t\t\t\t<section class=\"elementor-section elementor-top-section elementor-element elementor-element-17523a9 elementor-section-boxed elementor-section-height-default elementor-section-height-default\" data-id=\"17523a9\" data-element_type=\"section\">\n\t\t\t\t\t\t<div class=\"elementor-container elementor-column-gap-default\">\n\t\t\t\t\t<div class=\"elementor-column elementor-col-100 elementor-top-column elementor-element elementor-element-6ab4fa1\" data-id=\"6ab4fa1\" data-element_type=\"column\">\n\t\t\t<div class=\"elementor-widget-wrap elementor-element-populated\">\n\t\t\t\t\t\t<div class=\"elementor-element elementor-element-b294499 elementor-widget elementor-widget-heading\" data-id=\"b294499\" data-element_type=\"widget\" data-widget_type=\"heading.default\">\n\t\t\t\t<div class=\"elementor-widget-container\">\n\t\t\t<h3 class=\"elementor-heading-title elementor-size-default\">Statut<\/h3>\t\t<\/div>\n\t\t\t\t<\/div>\n\t\t\t\t<div class=\"elementor-element elementor-element-8265b2b elementor-widget elementor-widget-text-editor\" data-id=\"8265b2b\" data-element_type=\"widget\" data-widget_type=\"text-editor.default\">\n\t\t\t\t<div class=\"elementor-widget-container\">\n\t\t\t\t\t\t\t<ol><li><a href=\"https:\/\/ladeckaspoldzielnia.pl\/wp-content\/uploads\/2025\/02\/Statut-LSM-skan.pdf\">Statut 2025<\/a><ol><li><a href=\"https:\/\/ladeckaspoldzielnia.pl\/wp-content\/uploads\/2025\/02\/Uchwala-nr-1-w-sprawie-uchylenia-statutu.pdf\">Uchwa\u0142a nr 1<\/a><\/li><li><a href=\"https:\/\/ladeckaspoldzielnia.pl\/wp-content\/uploads\/2025\/02\/Uchwala-nr-4-w-sprawie-wprowadzenia-Statutu.pdf\">Uchwa\u0142a nr 4<\/a><\/li><\/ol><\/li><\/ol>\t\t\t\t\t\t<\/div>\n\t\t\t\t<\/div>\n\t\t\t\t\t<\/div>\n\t\t<\/div>\n\t\t\t\t\t<\/div>\n\t\t<\/section>\n\t\t\t\t<section class=\"elementor-section elementor-top-section elementor-element elementor-element-75118ef elementor-section-boxed elementor-section-height-default elementor-section-height-default\" data-id=\"75118ef\" data-element_type=\"section\">\n\t\t\t\t\t\t<div class=\"elementor-container elementor-column-gap-default\">\n\t\t\t\t\t<div class=\"elementor-column elementor-col-100 elementor-top-column elementor-element elementor-element-f1bd17b\" data-id=\"f1bd17b\" data-element_type=\"column\">\n\t\t\t<div class=\"elementor-widget-wrap elementor-element-populated\">\n\t\t\t\t\t\t<div class=\"elementor-element elementor-element-02c095a elementor-widget-divider--view-line elementor-widget elementor-widget-divider\" data-id=\"02c095a\" data-element_type=\"widget\" data-widget_type=\"divider.default\">\n\t\t\t\t<div class=\"elementor-widget-container\">\n\t\t\t\t\t<div class=\"elementor-divider\">\n\t\t\t<span class=\"elementor-divider-separator\">\n\t\t\t\t\t\t<\/span>\n\t\t<\/div>\n\t\t\t\t<\/div>\n\t\t\t\t<\/div>\n\t\t\t\t\t<\/div>\n\t\t<\/div>\n\t\t\t\t\t<\/div>\n\t\t<\/section>\n\t\t\t\t<section class=\"elementor-section elementor-top-section elementor-element elementor-element-0eddcf4 elementor-section-boxed elementor-section-height-default elementor-section-height-default\" data-id=\"0eddcf4\" data-element_type=\"section\">\n\t\t\t\t\t\t<div class=\"elementor-container elementor-column-gap-default\">\n\t\t\t\t\t<div class=\"elementor-column elementor-col-100 elementor-top-column elementor-element elementor-element-b109270\" data-id=\"b109270\" data-element_type=\"column\">\n\t\t\t<div class=\"elementor-widget-wrap elementor-element-populated\">\n\t\t\t\t\t\t<div class=\"elementor-element elementor-element-cdf41ee elementor-widget elementor-widget-heading\" data-id=\"cdf41ee\" data-element_type=\"widget\" data-widget_type=\"heading.default\">\n\t\t\t\t<div class=\"elementor-widget-container\">\n\t\t\t<h3 class=\"elementor-heading-title elementor-size-default\">Uchwa\u0142y<\/h3>\t\t<\/div>\n\t\t\t\t<\/div>\n\t\t\t\t<div class=\"elementor-element elementor-element-832303f elementor-widget elementor-widget-text-editor\" data-id=\"832303f\" data-element_type=\"widget\" data-widget_type=\"text-editor.default\">\n\t\t\t\t<div class=\"elementor-widget-container\">\n\t\t\t\t\t\t\t<ol><li><a href=\"https:\/\/ladeckaspoldzielnia.pl\/wp-content\/uploads\/2024\/01\/regulamin-porzadku-domowego.pdf\">Uchwa\u0142a nr 8\/2023 &#8211; w sprawie uaktualnienia i doprecyzowania Regulaminu Porz\u0105dku Domowego w zasobach \u201eL\u0105deckiej&#8221; Sp\u00f3\u0142dzielni Mieszkaniowej w L\u0105dku Zdroju.<\/a><\/li><li>\u00a0<a href=\"https:\/\/ladeckaspoldzielnia.pl\/wp-content\/uploads\/2024\/01\/rozliczanie-cieplej-wody.pdf\">Uchwa\u0142a nr 35\/2023 &#8211;\u00a0w sprawie zmiany sposobu rozliczania koszt\u00f3w za dostaw\u0119 energii cieplnej na cele grzewcze.<\/a><\/li><li><a href=\"https:\/\/ladeckaspoldzielnia.pl\/wp-content\/uploads\/2024\/01\/DOC002.pdf\">Uchwa\u0142a nr 1\/01\/2024 &#8211; dot. wsp\u00f3\u0142czynnik\u00f3w koryguj\u0105cych za po\u0142o\u017cenie mieszkania w budynku po\u0142. ul. powsta\u0144c\u00f3w Wlkp. 2-22 .<\/a><\/li><\/ol>\t\t\t\t\t\t<\/div>\n\t\t\t\t<\/div>\n\t\t\t\t\t<\/div>\n\t\t<\/div>\n\t\t\t\t\t<\/div>\n\t\t<\/section>\n\t\t\t\t<section class=\"elementor-section elementor-top-section elementor-element elementor-element-28e69f8 elementor-section-boxed elementor-section-height-default elementor-section-height-default\" data-id=\"28e69f8\" data-element_type=\"section\">\n\t\t\t\t\t\t<div class=\"elementor-container elementor-column-gap-default\">\n\t\t\t\t\t<div class=\"elementor-column elementor-col-100 elementor-top-column elementor-element elementor-element-dc048c1\" data-id=\"dc048c1\" data-element_type=\"column\">\n\t\t\t<div class=\"elementor-widget-wrap elementor-element-populated\">\n\t\t\t\t\t\t<div class=\"elementor-element elementor-element-d79c264 elementor-widget-divider--view-line elementor-widget elementor-widget-divider\" data-id=\"d79c264\" data-element_type=\"widget\" data-widget_type=\"divider.default\">\n\t\t\t\t<div class=\"elementor-widget-container\">\n\t\t\t\t\t<div class=\"elementor-divider\">\n\t\t\t<span class=\"elementor-divider-separator\">\n\t\t\t\t\t\t<\/span>\n\t\t<\/div>\n\t\t\t\t<\/div>\n\t\t\t\t<\/div>\n\t\t\t\t\t<\/div>\n\t\t<\/div>\n\t\t\t\t\t<\/div>\n\t\t<\/section>\n\t\t\t\t<section class=\"elementor-section elementor-top-section elementor-element elementor-element-f72f433 elementor-section-boxed elementor-section-height-default elementor-section-height-default\" data-id=\"f72f433\" data-element_type=\"section\">\n\t\t\t\t\t\t<div class=\"elementor-container elementor-column-gap-default\">\n\t\t\t\t\t<div class=\"elementor-column elementor-col-100 elementor-top-column elementor-element elementor-element-9394e92\" data-id=\"9394e92\" data-element_type=\"column\">\n\t\t\t<div class=\"elementor-widget-wrap elementor-element-populated\">\n\t\t\t\t\t\t<div class=\"elementor-element elementor-element-e8af591 elementor-widget elementor-widget-heading\" data-id=\"e8af591\" data-element_type=\"widget\" data-widget_type=\"heading.default\">\n\t\t\t\t<div class=\"elementor-widget-container\">\n\t\t\t<h3 class=\"elementor-heading-title elementor-size-default\">Sprawozdania<\/h3>\t\t<\/div>\n\t\t\t\t<\/div>\n\t\t\t\t<div class=\"elementor-element elementor-element-3d6c088 elementor-widget elementor-widget-text-editor\" data-id=\"3d6c088\" data-element_type=\"widget\" data-widget_type=\"text-editor.default\">\n\t\t\t\t<div class=\"elementor-widget-container\">\n\t\t\t\t\t\t\t<ul><li><a href=\"https:\/\/ladeckaspoldzielnia.pl\/wp-content\/uploads\/2023\/08\/Sprawozdanie-dla-spoldzielni-mieszkaniowej-LSM-2022.pdf\" target=\"_blank\" rel=\"noopener\">2022<\/a><\/li><li><a href=\"https:\/\/ladeckaspoldzielnia.pl\/wp-content\/uploads\/2024\/07\/Sprawozdanie-dla-spoldzielni-mieszkaniowej-LSM-2023.pdf\">2023<\/a><\/li><li><a href=\"https:\/\/ladeckaspoldzielnia.pl\/wp-content\/uploads\/2025\/07\/Sprawozdanie-dla-spoldzielni-mieszkaniowej-LSM-2024.pdf\">2024<\/a><\/li><\/ul>\t\t\t\t\t\t<\/div>\n\t\t\t\t<\/div>\n\t\t\t\t\t<\/div>\n\t\t<\/div>\n\t\t\t\t\t<\/div>\n\t\t<\/section>\n\t\t\t\t<section class=\"elementor-section elementor-top-section elementor-element elementor-element-bf4b465 elementor-section-boxed elementor-section-height-default elementor-section-height-default\" data-id=\"bf4b465\" data-element_type=\"section\">\n\t\t\t\t\t\t<div class=\"elementor-container elementor-column-gap-default\">\n\t\t\t\t\t<div class=\"elementor-column elementor-col-100 elementor-top-column elementor-element elementor-element-3493630\" data-id=\"3493630\" data-element_type=\"column\">\n\t\t\t<div class=\"elementor-widget-wrap elementor-element-populated\">\n\t\t\t\t\t\t<div class=\"elementor-element elementor-element-d8ed381 elementor-widget-divider--view-line elementor-widget elementor-widget-divider\" data-id=\"d8ed381\" data-element_type=\"widget\" data-widget_type=\"divider.default\">\n\t\t\t\t<div class=\"elementor-widget-container\">\n\t\t\t\t\t<div class=\"elementor-divider\">\n\t\t\t<span class=\"elementor-divider-separator\">\n\t\t\t\t\t\t<\/span>\n\t\t<\/div>\n\t\t\t\t<\/div>\n\t\t\t\t<\/div>\n\t\t\t\t\t<\/div>\n\t\t<\/div>\n\t\t\t\t\t<\/div>\n\t\t<\/section>\n\t\t\t\t<section class=\"elementor-section elementor-top-section elementor-element elementor-element-cfec27c elementor-section-boxed elementor-section-height-default elementor-section-height-default\" data-id=\"cfec27c\" data-element_type=\"section\">\n\t\t\t\t\t\t<div class=\"elementor-container elementor-column-gap-default\">\n\t\t\t\t\t<div class=\"elementor-column elementor-col-100 elementor-top-column elementor-element elementor-element-34fcab6\" data-id=\"34fcab6\" data-element_type=\"column\">\n\t\t\t<div class=\"elementor-widget-wrap elementor-element-populated\">\n\t\t\t\t\t\t<div class=\"elementor-element elementor-element-15e235a elementor-widget elementor-widget-heading\" data-id=\"15e235a\" data-element_type=\"widget\" data-widget_type=\"heading.default\">\n\t\t\t\t<div class=\"elementor-widget-container\">\n\t\t\t<h3 class=\"elementor-heading-title elementor-size-default\">Regulaminy<\/h3>\t\t<\/div>\n\t\t\t\t<\/div>\n\t\t\t\t<div class=\"elementor-element elementor-element-0b20dab elementor-widget elementor-widget-text-editor\" data-id=\"0b20dab\" data-element_type=\"widget\" data-widget_type=\"text-editor.default\">\n\t\t\t\t<div class=\"elementor-widget-container\">\n\t\t\t\t\t\t\t<ol><li><a href=\"https:\/\/ladeckaspoldzielnia.pl\/wp-content\/uploads\/2023\/05\/regulamin.pdf\">Regulamin porz\u0105dku domowego<\/a>.<\/li><li><a href=\"https:\/\/ladeckaspoldzielnia.pl\/wp-content\/uploads\/2025\/11\/Regulamin-CWU-i-CO-nowy-aktualny-2025.pdf\">Regulaminu indywidualnego systemu rozliczania koszt\u00f3w z u\u017cytkownikami lokali mieszkalnych i u\u017cytkowych za dostaw\u0119 energii cieplnej na cele grzewcze i podgrzania wody u\u017cytkowej w L\u0105deckiej Sp\u00f3\u0142dzielni Mieszkaniowej w L\u0105dku Zdroju z dn. 01 stycznia 2024 r.<\/a><ol><li><a href=\"https:\/\/ladeckaspoldzielnia.pl\/wp-content\/uploads\/2025\/02\/Uchwala-Zarzadu-dot.-regulaminu-CO.pdf\">UCHWA\u0141A NR 12\/08\/2024<\/a><\/li><\/ol><\/li><li><a href=\"https:\/\/ladeckaspoldzielnia.pl\/wp-content\/uploads\/2024\/01\/regulamin-RN.pdf\">Regulamin Rady Nadzorczej<\/a>.<\/li><li><a href=\"https:\/\/ladeckaspoldzielnia.pl\/wp-content\/uploads\/2024\/01\/Regulamin-zasad-windykacji-naleznosci-w-LSM.pdf\">Regulamin zasad prowadzenia windykacji nale\u017cno\u015bci w L\u0105deckiej Sp\u00f3\u0142dzielni Mieszkaniowej w L\u0105dku-Zdroju.<\/a><\/li><li><a href=\"https:\/\/ladeckaspoldzielnia.pl\/wp-content\/uploads\/2024\/03\/Regulamin-WZ.pdf\">Regulaminu Walnego Zgromadzenia<\/a><\/li><li><a href=\"https:\/\/ladeckaspoldzielnia.pl\/wp-content\/uploads\/2025\/05\/REGULAMIN-ZARZADU-KWIECIEN-2025.pdf\">Uchwa\u0142a nr 11\/2025 &#8211; w sprawie uchwalenia i przyj\u0119cia Regulaminu Zarz\u0105du \u201e L\u0105deckiej\u201d Sp\u00f3\u0142dzielni Mieszkaniowej w L\u0105dku Zdroju.<\/a><\/li><\/ol>\t\t\t\t\t\t<\/div>\n\t\t\t\t<\/div>\n\t\t\t\t\t<\/div>\n\t\t<\/div>\n\t\t\t\t\t<\/div>\n\t\t<\/section>\n\t\t\t\t<section class=\"elementor-section elementor-top-section elementor-element elementor-element-776ddf3 elementor-section-boxed elementor-section-height-default elementor-section-height-default\" data-id=\"776ddf3\" data-element_type=\"section\">\n\t\t\t\t\t\t<div class=\"elementor-container elementor-column-gap-default\">\n\t\t\t\t\t<div class=\"elementor-column elementor-col-100 elementor-top-column elementor-element elementor-element-e0e9246\" data-id=\"e0e9246\" data-element_type=\"column\">\n\t\t\t<div class=\"elementor-widget-wrap elementor-element-populated\">\n\t\t\t\t\t\t<div class=\"elementor-element elementor-element-df24d7b elementor-widget elementor-widget-menu-anchor\" data-id=\"df24d7b\" data-element_type=\"widget\" data-widget_type=\"menu-anchor.default\">\n\t\t\t\t<div class=\"elementor-widget-container\">\n\t\t\t\t\t<div class=\"elementor-menu-anchor\" id=\"pobieranie\"><\/div>\n\t\t\t\t<\/div>\n\t\t\t\t<\/div>\n\t\t\t\t\t<\/div>\n\t\t<\/div>\n\t\t\t\t\t<\/div>\n\t\t<\/section>\n\t\t\t\t<section class=\"elementor-section elementor-top-section elementor-element elementor-element-c8e739d elementor-section-content-middle elementor-section-boxed elementor-section-height-default elementor-section-height-default\" data-id=\"c8e739d\" data-element_type=\"section\" data-settings=\"{&quot;background_background&quot;:&quot;classic&quot;}\">\n\t\t\t\t\t\t\t<div class=\"elementor-background-overlay\"><\/div>\n\t\t\t\t\t\t\t<div class=\"elementor-container elementor-column-gap-extended\">\n\t\t\t\t\t<div class=\"elementor-column elementor-col-100 elementor-top-column elementor-element elementor-element-9cc80dd\" data-id=\"9cc80dd\" data-element_type=\"column\">\n\t\t\t<div class=\"elementor-widget-wrap elementor-element-populated\">\n\t\t\t\t\t\t<div class=\"elementor-element elementor-element-7036324 elementor-widget elementor-widget-heading\" data-id=\"7036324\" data-element_type=\"widget\" data-widget_type=\"heading.default\">\n\t\t\t\t<div class=\"elementor-widget-container\">\n\t\t\t<h3 class=\"elementor-heading-title elementor-size-default\">Dokumenty do pobrania<\/h3>\t\t<\/div>\n\t\t\t\t<\/div>\n\t\t\t\t<div class=\"elementor-element elementor-element-607c2b1 elementor-widget elementor-widget-text-editor\" data-id=\"607c2b1\" data-element_type=\"widget\" data-widget_type=\"text-editor.default\">\n\t\t\t\t<div class=\"elementor-widget-container\">\n\t\t\t\t\t\t\t<ul><li><a href=\"https:\/\/ladeckaspoldzielnia.pl\/wp-content\/uploads\/2024\/02\/Blankiet-wplat.pdf\">Blankiet wp\u0142aty<\/a><\/li><li><a href=\"https:\/\/ladeckaspoldzielnia.pl\/wp-content\/uploads\/2024\/03\/Deklaracja-przystapienia-do-Spoldzielni.pdf\">Deklaracja przyst\u0105pienia do Sp\u00f3\u0142dzielni<\/a><\/li><\/ul>\t\t\t\t\t\t<\/div>\n\t\t\t\t<\/div>\n\t\t\t\t\t<\/div>\n\t\t<\/div>\n\t\t\t\t\t<\/div>\n\t\t<\/section>\n\t\t\t\t<\/div>\n\t\t","protected":false},"excerpt":{"rendered":"<p>Dokumenty Statut Statut 2025 Uchwa\u0142a nr 1 Uchwa\u0142a nr 4 Uchwa\u0142y Uchwa\u0142a nr 8\/2023 &#8211; w sprawie uaktualnienia i doprecyzowania Regulaminu Porz\u0105dku Domowego w zasobach \u201eL\u0105deckiej&#8221; Sp\u00f3\u0142dzielni Mieszkaniowej w L\u0105dku Zdroju. \u00a0Uchwa\u0142a nr 35\/2023 &#8211;\u00a0w sprawie zmiany sposobu rozliczania koszt\u00f3w za dostaw\u0119 energii cieplnej na cele grzewcze. Uchwa\u0142a nr 1\/01\/2024 &#8211; dot. wsp\u00f3\u0142czynnik\u00f3w koryguj\u0105cych za [&hellip;]<\/p>\n","protected":false},"author":1,"featured_media":0,"parent":0,"menu_order":0,"comment_status":"closed","ping_status":"closed","template":"","meta":{"site-sidebar-layout":"no-sidebar","site-content-layout":"page-builder","ast-site-content-layout":"","site-content-style":"default","site-sidebar-style":"default","ast-global-header-display":"","ast-banner-title-visibility":"","ast-main-header-display":"","ast-hfb-above-header-display":"","ast-hfb-below-header-display":"","ast-hfb-mobile-header-display":"","site-post-title":"disabled","ast-breadcrumbs-content":"disabled","ast-featured-img":"disabled","footer-sml-layout":"","theme-transparent-header-meta":"enabled","adv-header-id-meta":"","stick-header-meta":"","header-above-stick-meta":"","header-main-stick-meta":"","header-below-stick-meta":"","astra-migrate-meta-layouts":"default","ast-page-background-enabled":"default","ast-page-background-meta":{"desktop":{"background-color":"","background-image":"","background-repeat":"repeat","background-position":"center center","background-size":"auto","background-attachment":"scroll","background-type":"","background-media":"","overlay-type":"","overlay-color":"","overlay-opacity":"","overlay-gradient":""},"tablet":{"background-color":"","background-image":"","background-repeat":"repeat","background-position":"center center","background-size":"auto","background-attachment":"scroll","background-type":"","background-media":"","overlay-type":"","overlay-color":"","overlay-opacity":"","overlay-gradient":""},"mobile":{"background-color":"","background-image":"","background-repeat":"repeat","background-position":"center center","background-size":"auto","background-attachment":"scroll","background-type":"","background-media":"","overlay-type":"","overlay-color":"","overlay-opacity":"","overlay-gradient":""}},"ast-content-background-meta":{"desktop":{"background-color":"var(--ast-global-color-5)","background-image":"","background-repeat":"repeat","background-position":"center center","background-size":"auto","background-attachment":"scroll","background-type":"","background-media":"","overlay-type":"","overlay-color":"","overlay-opacity":"","overlay-gradient":""},"tablet":{"background-color":"var(--ast-global-color-5)","background-image":"","background-repeat":"repeat","background-position":"center center","background-size":"auto","background-attachment":"scroll","background-type":"","background-media":"","overlay-type":"","overlay-color":"","overlay-opacity":"","overlay-gradient":""},"mobile":{"background-color":"var(--ast-global-color-5)","background-image":"","background-repeat":"repeat","background-position":"center center","background-size":"auto","background-attachment":"scroll","background-type":"","background-media":"","overlay-type":"","overlay-color":"","overlay-opacity":"","overlay-gradient":""}},"footnotes":""},"yoast_head":"<!-- This site is optimized with the Yoast SEO plugin v23.5 - https:\/\/yoast.com\/wordpress\/plugins\/seo\/ -->\n<title>Dokumenty - L\u0105decka Sp&oacute;\u0142dzielnia Mieszkaniowa<\/title>\n<meta name=\"robots\" content=\"index, follow, max-snippet:-1, max-image-preview:large, max-video-preview:-1\" \/>\n<link rel=\"canonical\" href=\"https:\/\/ladeckaspoldzielnia.pl\/?page_id=637\" \/>\n<meta property=\"og:locale\" content=\"pl_PL\" \/>\n<meta property=\"og:type\" content=\"article\" \/>\n<meta property=\"og:title\" content=\"Dokumenty - L\u0105decka Sp&oacute;\u0142dzielnia Mieszkaniowa\" \/>\n<meta property=\"og:description\" content=\"Dokumenty Statut Statut 2025 Uchwa\u0142a nr 1 Uchwa\u0142a nr 4 Uchwa\u0142y Uchwa\u0142a nr 8\/2023 &#8211; w sprawie uaktualnienia i doprecyzowania Regulaminu Porz\u0105dku Domowego w zasobach \u201eL\u0105deckiej&#8221; Sp\u00f3\u0142dzielni Mieszkaniowej w L\u0105dku Zdroju. \u00a0Uchwa\u0142a nr 35\/2023 &#8211;\u00a0w sprawie zmiany sposobu rozliczania koszt\u00f3w za dostaw\u0119 energii cieplnej na cele grzewcze. Uchwa\u0142a nr 1\/01\/2024 &#8211; dot. wsp\u00f3\u0142czynnik\u00f3w koryguj\u0105cych za [&hellip;]\" \/>\n<meta property=\"og:url\" content=\"https:\/\/ladeckaspoldzielnia.pl\/?page_id=637\" \/>\n<meta property=\"og:site_name\" content=\"L\u0105decka Sp&oacute;\u0142dzielnia Mieszkaniowa\" \/>\n<meta property=\"article:modified_time\" content=\"2025-11-25T19:40:20+00:00\" \/>\n<meta name=\"twitter:card\" content=\"summary_large_image\" \/>\n<meta name=\"twitter:label1\" content=\"Szacowany czas czytania\" \/>\n\t<meta name=\"twitter:data1\" content=\"1 minuta\" \/>\n<script type=\"application\/ld+json\" class=\"yoast-schema-graph\">{\"@context\":\"https:\/\/schema.org\",\"@graph\":[{\"@type\":\"WebPage\",\"@id\":\"https:\/\/ladeckaspoldzielnia.pl\/?page_id=637\",\"url\":\"https:\/\/ladeckaspoldzielnia.pl\/?page_id=637\",\"name\":\"Dokumenty - L\u0105decka Sp&oacute;\u0142dzielnia Mieszkaniowa\",\"isPartOf\":{\"@id\":\"https:\/\/ladeckaspoldzielnia.pl\/#website\"},\"datePublished\":\"2021-06-12T06:25:18+00:00\",\"dateModified\":\"2025-11-25T19:40:20+00:00\",\"breadcrumb\":{\"@id\":\"https:\/\/ladeckaspoldzielnia.pl\/?page_id=637#breadcrumb\"},\"inLanguage\":\"pl-PL\",\"potentialAction\":[{\"@type\":\"ReadAction\",\"target\":[\"https:\/\/ladeckaspoldzielnia.pl\/?page_id=637\"]}]},{\"@type\":\"BreadcrumbList\",\"@id\":\"https:\/\/ladeckaspoldzielnia.pl\/?page_id=637#breadcrumb\",\"itemListElement\":[{\"@type\":\"ListItem\",\"position\":1,\"name\":\"Strona g\u0142\u00f3wna\",\"item\":\"https:\/\/ladeckaspoldzielnia.pl\/\"},{\"@type\":\"ListItem\",\"position\":2,\"name\":\"Dokumenty\"}]},{\"@type\":\"WebSite\",\"@id\":\"https:\/\/ladeckaspoldzielnia.pl\/#website\",\"url\":\"https:\/\/ladeckaspoldzielnia.pl\/\",\"name\":\"L\u0105decka Sp\u00f3\u0142dzielnia Mieszkaniowa\",\"description\":\"Kolejna witryna WordPress\",\"potentialAction\":[{\"@type\":\"SearchAction\",\"target\":{\"@type\":\"EntryPoint\",\"urlTemplate\":\"https:\/\/ladeckaspoldzielnia.pl\/?s={search_term_string}\"},\"query-input\":{\"@type\":\"PropertyValueSpecification\",\"valueRequired\":true,\"valueName\":\"search_term_string\"}}],\"inLanguage\":\"pl-PL\"}]}<\/script>\n<!-- \/ Yoast SEO plugin. -->","yoast_head_json":{"title":"Dokumenty - L\u0105decka Sp&oacute;\u0142dzielnia Mieszkaniowa","robots":{"index":"index","follow":"follow","max-snippet":"max-snippet:-1","max-image-preview":"max-image-preview:large","max-video-preview":"max-video-preview:-1"},"canonical":"https:\/\/ladeckaspoldzielnia.pl\/?page_id=637","og_locale":"pl_PL","og_type":"article","og_title":"Dokumenty - L\u0105decka Sp&oacute;\u0142dzielnia Mieszkaniowa","og_description":"Dokumenty Statut Statut 2025 Uchwa\u0142a nr 1 Uchwa\u0142a nr 4 Uchwa\u0142y Uchwa\u0142a nr 8\/2023 &#8211; w sprawie uaktualnienia i doprecyzowania Regulaminu Porz\u0105dku Domowego w zasobach \u201eL\u0105deckiej&#8221; Sp\u00f3\u0142dzielni Mieszkaniowej w L\u0105dku Zdroju. \u00a0Uchwa\u0142a nr 35\/2023 &#8211;\u00a0w sprawie zmiany sposobu rozliczania koszt\u00f3w za dostaw\u0119 energii cieplnej na cele grzewcze. Uchwa\u0142a nr 1\/01\/2024 &#8211; dot. wsp\u00f3\u0142czynnik\u00f3w koryguj\u0105cych za [&hellip;]","og_url":"https:\/\/ladeckaspoldzielnia.pl\/?page_id=637","og_site_name":"L\u0105decka Sp&oacute;\u0142dzielnia Mieszkaniowa","article_modified_time":"2025-11-25T19:40:20+00:00","twitter_card":"summary_large_image","twitter_misc":{"Szacowany czas czytania":"1 minuta"},"schema":{"@context":"https:\/\/schema.org","@graph":[{"@type":"WebPage","@id":"https:\/\/ladeckaspoldzielnia.pl\/?page_id=637","url":"https:\/\/ladeckaspoldzielnia.pl\/?page_id=637","name":"Dokumenty - L\u0105decka Sp&oacute;\u0142dzielnia Mieszkaniowa","isPartOf":{"@id":"https:\/\/ladeckaspoldzielnia.pl\/#website"},"datePublished":"2021-06-12T06:25:18+00:00","dateModified":"2025-11-25T19:40:20+00:00","breadcrumb":{"@id":"https:\/\/ladeckaspoldzielnia.pl\/?page_id=637#breadcrumb"},"inLanguage":"pl-PL","potentialAction":[{"@type":"ReadAction","target":["https:\/\/ladeckaspoldzielnia.pl\/?page_id=637"]}]},{"@type":"BreadcrumbList","@id":"https:\/\/ladeckaspoldzielnia.pl\/?page_id=637#breadcrumb","itemListElement":[{"@type":"ListItem","position":1,"name":"Strona g\u0142\u00f3wna","item":"https:\/\/ladeckaspoldzielnia.pl\/"},{"@type":"ListItem","position":2,"name":"Dokumenty"}]},{"@type":"WebSite","@id":"https:\/\/ladeckaspoldzielnia.pl\/#website","url":"https:\/\/ladeckaspoldzielnia.pl\/","name":"L\u0105decka Sp\u00f3\u0142dzielnia Mieszkaniowa","description":"Kolejna witryna WordPress","potentialAction":[{"@type":"SearchAction","target":{"@type":"EntryPoint","urlTemplate":"https:\/\/ladeckaspoldzielnia.pl\/?s={search_term_string}"},"query-input":{"@type":"PropertyValueSpecification","valueRequired":true,"valueName":"search_term_string"}}],"inLanguage":"pl-PL"}]}},"_links":{"self":[{"href":"https:\/\/ladeckaspoldzielnia.pl\/index.php?rest_route=\/wp\/v2\/pages\/637"}],"collection":[{"href":"https:\/\/ladeckaspoldzielnia.pl\/index.php?rest_route=\/wp\/v2\/pages"}],"about":[{"href":"https:\/\/ladeckaspoldzielnia.pl\/index.php?rest_route=\/wp\/v2\/types\/page"}],"author":[{"embeddable":true,"href":"https:\/\/ladeckaspoldzielnia.pl\/index.php?rest_route=\/wp\/v2\/users\/1"}],"replies":[{"embeddable":true,"href":"https:\/\/ladeckaspoldzielnia.pl\/index.php?rest_route=%2Fwp%2Fv2%2Fcomments&post=637"}],"version-history":[{"count":122,"href":"https:\/\/ladeckaspoldzielnia.pl\/index.php?rest_route=\/wp\/v2\/pages\/637\/revisions"}],"predecessor-version":[{"id":1714,"href":"https:\/\/ladeckaspoldzielnia.pl\/index.php?rest_route=\/wp\/v2\/pages\/637\/revisions\/1714"}],"wp:attachment":[{"href":"https:\/\/ladeckaspoldzielnia.pl\/index.php?rest_route=%2Fwp%2Fv2%2Fmedia&parent=637"}],"curies":[{"name":"wp","href":"https:\/\/api.w.org\/{rel}","templated":true}]}}